{"id":6794,"date":"2025-06-12T20:33:13","date_gmt":"2025-06-12T18:33:13","guid":{"rendered":"https:\/\/sro.nl\/huizen\/buurtsportcoach\/?page_id=6794"},"modified":"2026-02-09T15:21:29","modified_gmt":"2026-02-09T14:21:29","slug":"pedagogisch-en-veilig-sportklimaat","status":"publish","type":"page","link":"https:\/\/sro.nl\/huizen\/buurtsportcoach\/pedagogisch-en-veilig-sportklimaat\/","title":{"rendered":"Sociaal veilig sportklimaat"},"content":{"rendered":"\n    <section class=\"intro-section \" id=\"block_3cf7d3c5fc008862250f8dcec5604ef0\">\n        <div class=\"container\">\n            <div class=\"intro-box\">\n                                    <h1>Sociaal veilige sportomgeving in Huizen<\/h1>\n                                <p>Iedere sporter verdient een positief en pedagogisch verantwoorde omgeving binnen de vereniging. Als club in de gemeente Huizen draag je die verantwoordelijkheid. Maar wat houdt dat concreet in en welke ondersteuning is er beschikbaar?<\/p>\n<p>De gemeente Huizen zet zich in om sport voor \u00e1lle inwoners toegankelijk \u00e9n veilig te maken. Daarom bieden we extra ondersteuning op essenti\u00eble onderdelen van sociale veiligheid:<\/p>\n<ol>\n<li>Verenigingsbrede gedragscode<\/li>\n<li>Vertrouwenscontactpersoon (VCP)<\/li>\n<li>Verklaring Omtrent Gedrag (VOG)<\/li>\n<li>Vakkundig geschoolde trainer-coaches<\/li>\n<\/ol>\n<p><strong><img loading=\"lazy\" decoding=\"async\" class=\"size-medium wp-image-7199 alignright\" src=\"http:\/\/sro.nl\/huizen\/buurtsportcoach\/wp-content\/uploads\/sites\/62\/sites\/63\/2025\/09\/Samen-voor-Social-veiligheid-300x300.jpg\" alt=\"\" width=\"300\" height=\"300\" srcset=\"https:\/\/sro.nl\/huizen\/buurtsportcoach\/wp-content\/uploads\/sites\/62\/sites\/63\/2025\/09\/Samen-voor-Social-veiligheid-300x300.jpg 300w, https:\/\/sro.nl\/huizen\/buurtsportcoach\/wp-content\/uploads\/sites\/62\/sites\/63\/2025\/09\/Samen-voor-Social-veiligheid-1024x1024.jpg 1024w, https:\/\/sro.nl\/huizen\/buurtsportcoach\/wp-content\/uploads\/sites\/62\/sites\/63\/2025\/09\/Samen-voor-Social-veiligheid-150x150.jpg 150w, https:\/\/sro.nl\/huizen\/buurtsportcoach\/wp-content\/uploads\/sites\/62\/sites\/63\/2025\/09\/Samen-voor-Social-veiligheid-768x768.jpg 768w, https:\/\/sro.nl\/huizen\/buurtsportcoach\/wp-content\/uploads\/sites\/62\/sites\/63\/2025\/09\/Samen-voor-Social-veiligheid-1536x1536.jpg 1536w, https:\/\/sro.nl\/huizen\/buurtsportcoach\/wp-content\/uploads\/sites\/62\/sites\/63\/2025\/09\/Samen-voor-Social-veiligheid-2048x2048.jpg 2048w, https:\/\/sro.nl\/huizen\/buurtsportcoach\/wp-content\/uploads\/sites\/62\/sites\/63\/2025\/09\/Samen-voor-Social-veiligheid-50x50.jpg 50w\" sizes=\"auto, (max-width: 300px) 100vw, 300px\" \/>Van \u2018Veilig Actief\u2019 naar \u2018Samen voor Sociale veiligheid\u2019<\/strong><\/p>\n<p>Sinds 2016 werkt Huizen met het project\u00a0<strong>(Jeugd) Veilig Actief<\/strong>, in samenwerking met de Vrijwilligerscentrale Huizen. Dit initiatief heeft sociale veiligheid in Huizer sportverenigingen stevig op de agenda gezet. Vanaf 2025 gaan we verder onder de naam\u00a0<strong>\u2018Samen vo<\/strong><strong>or Sociale veiligheid\u2019<\/strong>, gebaseerd op de 4 v\u2019s voor veiligheid van NOC*NSF.<\/p>\n<p>Wil je direct aan de slag of heb je vragen over gedragsregels, VOG\u2019s of trainersscholing? Neem dan contact op met de clubondersteuner<strong>.<\/strong><\/p>\n<p>Hij is bereikbaar via <a href=\"mailto:&#99;&#108;&#117;&#98;o&#110;&#100;erste&#117;n&#105;&#110;&#103;&#64;&#98;&#117;u&#114;&#116;sp&#111;r&#116;&#99;&#111;a&#99;&#104;&#104;&#117;i&#122;&#101;&#110;.&#110;&#108;\">&#99;&#108;&#117;&#98;o&#110;&#100;erste&#117;n&#105;&#110;&#103;&#64;&#98;&#117;u&#114;&#116;sp&#111;r&#116;&#99;&#111;a&#99;&#104;&#104;&#117;i&#122;&#101;&#110;.&#110;&#108;<\/a><\/p>\n<p>We denken graag met je mee om van jouw club een sociaal veilige plek te maken!<\/p>\n            <\/div>\n        <\/div>\n    <\/section>\n","protected":false},"excerpt":{"rendered":"","protected":false},"author":62,"featured_media":6796,"parent":0,"menu_order":0,"comment_status":"closed","ping_status":"closed","template":"","meta":{"_acf_changed":true,"inline_featured_image":false,"footnotes":""},"class_list":["post-6794","page","type-page","status-publish","has-post-thumbnail","hentry"],"acf":[],"yoast_head":"<!-- This site is optimized with the Yoast SEO Premium plugin v27.1 (Yoast SEO v27.1.1) - https:\/\/yoast.com\/product\/yoast-seo-premium-wordpress\/ -->\n<title>Sociaal veilig sportklimaat - Huizen - Buurtsportcoach<\/title>\n<meta name=\"robots\" content=\"index, follow, max-snippet:-1, max-image-preview:large, max-video-preview:-1\" \/>\n<link rel=\"canonical\" href=\"https:\/\/sro.nl\/huizen\/buurtsportcoach\/pedagogisch-en-veilig-sportklimaat\/\" \/>\n<meta property=\"og:locale\" content=\"nl_NL\" \/>\n<meta property=\"og:type\" content=\"article\" \/>\n<meta property=\"og:title\" content=\"Sociaal veilig sportklimaat\" \/>\n<meta property=\"og:url\" content=\"https:\/\/sro.nl\/huizen\/buurtsportcoach\/pedagogisch-en-veilig-sportklimaat\/\" \/>\n<meta property=\"og:site_name\" content=\"Huizen - Buurtsportcoach\" \/>\n<meta property=\"article:modified_time\" content=\"2026-02-09T14:21:29+00:00\" \/>\n<meta property=\"og:image\" content=\"https:\/\/sro.nl\/huizen\/buurtsportcoach\/wp-content\/uploads\/sites\/62\/sites\/63\/2025\/06\/pedagogisch.jpg\" \/>\n\t<meta property=\"og:image:width\" content=\"1200\" \/>\n\t<meta property=\"og:image:height\" content=\"645\" \/>\n\t<meta property=\"og:image:type\" content=\"image\/jpeg\" \/>\n<meta name=\"twitter:card\" content=\"summary_large_image\" \/>\n<meta name=\"twitter:label1\" content=\"Geschatte leestijd\" \/>\n\t<meta name=\"twitter:data1\" content=\"1 minuut\" \/>\n<script type=\"application\/ld+json\" class=\"yoast-schema-graph\">{\"@context\":\"https:\/\/schema.org\",\"@graph\":[{\"@type\":\"WebPage\",\"@id\":\"https:\/\/sro.nl\/huizen\/buurtsportcoach\/pedagogisch-en-veilig-sportklimaat\/\",\"url\":\"https:\/\/sro.nl\/huizen\/buurtsportcoach\/pedagogisch-en-veilig-sportklimaat\/\",\"name\":\"Sociaal veilig sportklimaat - Huizen - Buurtsportcoach\",\"isPartOf\":{\"@id\":\"https:\/\/sro.nl\/huizen\/buurtsportcoach\/#website\"},\"primaryImageOfPage\":{\"@id\":\"https:\/\/sro.nl\/huizen\/buurtsportcoach\/pedagogisch-en-veilig-sportklimaat\/#primaryimage\"},\"image\":{\"@id\":\"https:\/\/sro.nl\/huizen\/buurtsportcoach\/pedagogisch-en-veilig-sportklimaat\/#primaryimage\"},\"thumbnailUrl\":\"https:\/\/sro.nl\/huizen\/buurtsportcoach\/wp-content\/uploads\/sites\/62\/sites\/63\/2025\/06\/pedagogisch.jpg\",\"datePublished\":\"2025-06-12T18:33:13+00:00\",\"dateModified\":\"2026-02-09T14:21:29+00:00\",\"breadcrumb\":{\"@id\":\"https:\/\/sro.nl\/huizen\/buurtsportcoach\/pedagogisch-en-veilig-sportklimaat\/#breadcrumb\"},\"inLanguage\":\"nl-NL\",\"potentialAction\":[{\"@type\":\"ReadAction\",\"target\":[\"https:\/\/sro.nl\/huizen\/buurtsportcoach\/pedagogisch-en-veilig-sportklimaat\/\"]}]},{\"@type\":\"ImageObject\",\"inLanguage\":\"nl-NL\",\"@id\":\"https:\/\/sro.nl\/huizen\/buurtsportcoach\/pedagogisch-en-veilig-sportklimaat\/#primaryimage\",\"url\":\"https:\/\/sro.nl\/huizen\/buurtsportcoach\/wp-content\/uploads\/sites\/62\/sites\/63\/2025\/06\/pedagogisch.jpg\",\"contentUrl\":\"https:\/\/sro.nl\/huizen\/buurtsportcoach\/wp-content\/uploads\/sites\/62\/sites\/63\/2025\/06\/pedagogisch.jpg\",\"width\":1200,\"height\":645},{\"@type\":\"BreadcrumbList\",\"@id\":\"https:\/\/sro.nl\/huizen\/buurtsportcoach\/pedagogisch-en-veilig-sportklimaat\/#breadcrumb\",\"itemListElement\":[{\"@type\":\"ListItem\",\"position\":1,\"name\":\"Home\",\"item\":\"https:\/\/sro.nl\/huizen\/buurtsportcoach\/\"},{\"@type\":\"ListItem\",\"position\":2,\"name\":\"Sociaal veilig sportklimaat\"}]},{\"@type\":\"WebSite\",\"@id\":\"https:\/\/sro.nl\/huizen\/buurtsportcoach\/#website\",\"url\":\"https:\/\/sro.nl\/huizen\/buurtsportcoach\/\",\"name\":\"Huizen - Buurtsportcoach\",\"description\":\"\",\"potentialAction\":[{\"@type\":\"SearchAction\",\"target\":{\"@type\":\"EntryPoint\",\"urlTemplate\":\"https:\/\/sro.nl\/huizen\/buurtsportcoach\/?s={search_term_string}\"},\"query-input\":{\"@type\":\"PropertyValueSpecification\",\"valueRequired\":true,\"valueName\":\"search_term_string\"}}],\"inLanguage\":\"nl-NL\"}]}<\/script>\n<!-- \/ Yoast SEO Premium plugin. -->","yoast_head_json":{"title":"Sociaal veilig sportklimaat - Huizen - Buurtsportcoach","robots":{"index":"index","follow":"follow","max-snippet":"max-snippet:-1","max-image-preview":"max-image-preview:large","max-video-preview":"max-video-preview:-1"},"canonical":"https:\/\/sro.nl\/huizen\/buurtsportcoach\/pedagogisch-en-veilig-sportklimaat\/","og_locale":"nl_NL","og_type":"article","og_title":"Sociaal veilig sportklimaat","og_url":"https:\/\/sro.nl\/huizen\/buurtsportcoach\/pedagogisch-en-veilig-sportklimaat\/","og_site_name":"Huizen - Buurtsportcoach","article_modified_time":"2026-02-09T14:21:29+00:00","og_image":[{"width":1200,"height":645,"url":"https:\/\/sro.nl\/huizen\/buurtsportcoach\/wp-content\/uploads\/sites\/62\/sites\/63\/2025\/06\/pedagogisch.jpg","type":"image\/jpeg"}],"twitter_card":"summary_large_image","twitter_misc":{"Geschatte leestijd":"1 minuut"},"schema":{"@context":"https:\/\/schema.org","@graph":[{"@type":"WebPage","@id":"https:\/\/sro.nl\/huizen\/buurtsportcoach\/pedagogisch-en-veilig-sportklimaat\/","url":"https:\/\/sro.nl\/huizen\/buurtsportcoach\/pedagogisch-en-veilig-sportklimaat\/","name":"Sociaal veilig sportklimaat - Huizen - Buurtsportcoach","isPartOf":{"@id":"https:\/\/sro.nl\/huizen\/buurtsportcoach\/#website"},"primaryImageOfPage":{"@id":"https:\/\/sro.nl\/huizen\/buurtsportcoach\/pedagogisch-en-veilig-sportklimaat\/#primaryimage"},"image":{"@id":"https:\/\/sro.nl\/huizen\/buurtsportcoach\/pedagogisch-en-veilig-sportklimaat\/#primaryimage"},"thumbnailUrl":"https:\/\/sro.nl\/huizen\/buurtsportcoach\/wp-content\/uploads\/sites\/62\/sites\/63\/2025\/06\/pedagogisch.jpg","datePublished":"2025-06-12T18:33:13+00:00","dateModified":"2026-02-09T14:21:29+00:00","breadcrumb":{"@id":"https:\/\/sro.nl\/huizen\/buurtsportcoach\/pedagogisch-en-veilig-sportklimaat\/#breadcrumb"},"inLanguage":"nl-NL","potentialAction":[{"@type":"ReadAction","target":["https:\/\/sro.nl\/huizen\/buurtsportcoach\/pedagogisch-en-veilig-sportklimaat\/"]}]},{"@type":"ImageObject","inLanguage":"nl-NL","@id":"https:\/\/sro.nl\/huizen\/buurtsportcoach\/pedagogisch-en-veilig-sportklimaat\/#primaryimage","url":"https:\/\/sro.nl\/huizen\/buurtsportcoach\/wp-content\/uploads\/sites\/62\/sites\/63\/2025\/06\/pedagogisch.jpg","contentUrl":"https:\/\/sro.nl\/huizen\/buurtsportcoach\/wp-content\/uploads\/sites\/62\/sites\/63\/2025\/06\/pedagogisch.jpg","width":1200,"height":645},{"@type":"BreadcrumbList","@id":"https:\/\/sro.nl\/huizen\/buurtsportcoach\/pedagogisch-en-veilig-sportklimaat\/#breadcrumb","itemListElement":[{"@type":"ListItem","position":1,"name":"Home","item":"https:\/\/sro.nl\/huizen\/buurtsportcoach\/"},{"@type":"ListItem","position":2,"name":"Sociaal veilig sportklimaat"}]},{"@type":"WebSite","@id":"https:\/\/sro.nl\/huizen\/buurtsportcoach\/#website","url":"https:\/\/sro.nl\/huizen\/buurtsportcoach\/","name":"Huizen - Buurtsportcoach","description":"","potentialAction":[{"@type":"SearchAction","target":{"@type":"EntryPoint","urlTemplate":"https:\/\/sro.nl\/huizen\/buurtsportcoach\/?s={search_term_string}"},"query-input":{"@type":"PropertyValueSpecification","valueRequired":true,"valueName":"search_term_string"}}],"inLanguage":"nl-NL"}]}},"_links":{"self":[{"href":"https:\/\/sro.nl\/huizen\/buurtsportcoach\/wp-json\/wp\/v2\/pages\/6794","targetHints":{"allow":["GET"]}}],"collection":[{"href":"https:\/\/sro.nl\/huizen\/buurtsportcoach\/wp-json\/wp\/v2\/pages"}],"about":[{"href":"https:\/\/sro.nl\/huizen\/buurtsportcoach\/wp-json\/wp\/v2\/types\/page"}],"author":[{"embeddable":true,"href":"https:\/\/sro.nl\/huizen\/buurtsportcoach\/wp-json\/wp\/v2\/users\/62"}],"replies":[{"embeddable":true,"href":"https:\/\/sro.nl\/huizen\/buurtsportcoach\/wp-json\/wp\/v2\/comments?post=6794"}],"version-history":[{"count":0,"href":"https:\/\/sro.nl\/huizen\/buurtsportcoach\/wp-json\/wp\/v2\/pages\/6794\/revisions"}],"wp:featuredmedia":[{"embeddable":true,"href":"https:\/\/sro.nl\/huizen\/buurtsportcoach\/wp-json\/wp\/v2\/media\/6796"}],"wp:attachment":[{"href":"https:\/\/sro.nl\/huizen\/buurtsportcoach\/wp-json\/wp\/v2\/media?parent=6794"}],"curies":[{"name":"wp","href":"https:\/\/api.w.org\/{rel}","templated":true}]}}