{"id":3939,"date":"2025-07-13T18:34:02","date_gmt":"2025-07-13T16:34:02","guid":{"rendered":"https:\/\/sro-new.sowieso.dev\/huizen\/?page_id=3939"},"modified":"2025-07-14T01:49:38","modified_gmt":"2025-07-13T23:49:38","slug":"ons-bedrijf","status":"publish","type":"page","link":"https:\/\/sro.nl\/huizen\/over-ons\/ons-bedrijf\/","title":{"rendered":"Ons bedrijf"},"content":{"rendered":"\n    <section class=\"intro-section \" id=\"block_207594ffce49b94a7b61744ef9a88749\">\n        <div class=\"container\">\n            <div class=\"intro-box\">\n                                    <h1>Ons bedrijf<\/h1>\n                                <h2 data-start=\"362\" data-end=\"385\">Over SRO Huizen<\/h2>\n<p data-start=\"387\" data-end=\"903\">SRO Huizen (bv) is een bijzondere samenwerking tussen de gemeente Huizen en SRO (nv), ontstaan uit de behoefte om belangrijke sportvoorzieningen in Huizen toekomstbestendig, professioneel en maatschappelijk verantwoord te beheren. Deze samenwerking is vormgegeven in een publiek-publieke samenwerking (PPS), waarbij beide partijen ieder 50% van de aandelen bezitten. De gemeente Huizen heeft daarnaast een zogeheten prioriteitsaandeel, waarmee ze altijd de regie behoudt over fundamentele keuzes binnen de onderneming.<\/p>\n<h3 data-start=\"905\" data-end=\"924\">Waarom een PPS?<\/h3>\n<p data-start=\"926\" data-end=\"1436\">De accommodaties die vallen onder SRO Huizen, waaronder Sportcentrum de Meent, openluchtzwembad Sijsjesberg, Sporthal Wolfskamer, Sporthal de Meent en zeven gemeentelijke gymzalen, vervullen een belangrijke maatschappelijke rol. Denk aan zwemles, schoolsport, verenigingsleven, evenementen en recreatief bewegen. Om deze functie te behouden \u00e9n te versterken, is gekozen voor een duurzame samenwerking waarin maatschappelijk belang voorop staat, maar waarin ook ruimte is voor ondernemerschap, innovatie en professioneel beheer.<\/p>\n<h3 data-start=\"1438\" data-end=\"1459\">De rol van SRO<\/h3>\n<p data-start=\"1461\" data-end=\"1963\">SRO is een maatschappelijke organisatie met wortels in het gemeentelijk beheer van Amersfoort. Sinds 1997 is het uitgegroeid tot een ervaren en betrouwbare partner voor gemeenten in heel Nederland. In tegenstelling tot commerci\u00eble exploitanten, werkt SRO zonder winstoogmerk: de focus ligt op maatschappelijk rendement in plaats van aandeelhouderswinst. Denk aan het stimuleren van sport en bewegen, integratie, gezondheid, en sociaal beleid \u2013 allemaal binnen een financieel gezonde bedrijfsvoering.<\/p>\n<p data-start=\"1965\" data-end=\"2300\">SRO levert bij SRO Huizen niet alleen de bestuurder en bedrijfsleider, maar ondersteunt ook op alle bedrijfskritische onderdelen: personeelsbeleid, salarisadministratie, ICT-beheer, inkoop, financi\u00eble administratie, regiomanagement en directievoering. Deze integrale aanpak zorgt voor continu\u00efteit, effici\u00ebntie en professionaliteit.<\/p>\n<h3 data-start=\"3113\" data-end=\"3138\">De rol van Gemeente Huizen<\/h3>\n<p data-start=\"1219\" data-end=\"1730\">SRO Huizen werkt binnen heldere gemeentelijke kaders. De accommodaties zijn er in de eerste plaats voor de inwoners van Huizen \u2013 met ruimte voor sport, onderwijs, welzijn en recreatie. Activiteiten zijn toegankelijk en betaalbaar, de maatschappelijke functie staat altijd voorop en bestaande lokale betrokkenheid, zoals die van basketbalvereniging Quick Runners in Sporthal Wolfskamer, blijft behouden.<\/p>\n<p data-start=\"1732\" data-end=\"1820\">SRO Huizen is daarmee een onderneming met een lokaal hart en een maatschappelijk kompas.<\/p>\n            <\/div>\n        <\/div>\n    <\/section>\n","protected":false},"excerpt":{"rendered":"","protected":false},"author":62,"featured_media":3946,"parent":3932,"menu_order":1,"comment_status":"closed","ping_status":"closed","template":"","meta":{"_acf_changed":false,"inline_featured_image":false,"footnotes":""},"class_list":["post-3939","page","type-page","status-publish","has-post-thumbnail","hentry"],"acf":[],"yoast_head":"<!-- This site is optimized with the Yoast SEO Premium plugin v27.1 (Yoast SEO v27.1.1) - https:\/\/yoast.com\/product\/yoast-seo-premium-wordpress\/ -->\n<title>Ons bedrijf - SRO Huizen<\/title>\n<meta name=\"robots\" content=\"index, follow, max-snippet:-1, max-image-preview:large, max-video-preview:-1\" \/>\n<link rel=\"canonical\" href=\"https:\/\/sro.nl\/huizen\/over-ons\/ons-bedrijf\/\" \/>\n<meta property=\"og:locale\" content=\"nl_NL\" \/>\n<meta property=\"og:type\" content=\"article\" \/>\n<meta property=\"og:title\" content=\"Ons bedrijf\" \/>\n<meta property=\"og:url\" content=\"https:\/\/sro.nl\/huizen\/over-ons\/ons-bedrijf\/\" \/>\n<meta property=\"og:site_name\" content=\"SRO Huizen\" \/>\n<meta property=\"article:modified_time\" content=\"2025-07-13T23:49:38+00:00\" \/>\n<meta property=\"og:image\" content=\"http:\/\/sro.nl\/huizen\/wp-content\/uploads\/sites\/59\/sites\/59\/2025\/07\/20240131_151512-scaled.jpg\" \/>\n\t<meta property=\"og:image:width\" content=\"2560\" \/>\n\t<meta property=\"og:image:height\" content=\"1920\" \/>\n\t<meta property=\"og:image:type\" content=\"image\/jpeg\" \/>\n<meta name=\"twitter:card\" content=\"summary_large_image\" \/>\n<meta name=\"twitter:label1\" content=\"Geschatte leestijd\" \/>\n\t<meta name=\"twitter:data1\" content=\"1 minuut\" \/>\n<script type=\"application\/ld+json\" class=\"yoast-schema-graph\">{\"@context\":\"https:\/\/schema.org\",\"@graph\":[{\"@type\":\"WebPage\",\"@id\":\"https:\/\/sro.nl\/huizen\/over-ons\/ons-bedrijf\/\",\"url\":\"https:\/\/sro.nl\/huizen\/over-ons\/ons-bedrijf\/\",\"name\":\"Ons bedrijf - SRO Huizen\",\"isPartOf\":{\"@id\":\"https:\/\/sro.nl\/huizen\/#website\"},\"primaryImageOfPage\":{\"@id\":\"https:\/\/sro.nl\/huizen\/over-ons\/ons-bedrijf\/#primaryimage\"},\"image\":{\"@id\":\"https:\/\/sro.nl\/huizen\/over-ons\/ons-bedrijf\/#primaryimage\"},\"thumbnailUrl\":\"https:\/\/sro.nl\/huizen\/wp-content\/uploads\/sites\/62\/sites\/62\/2025\/07\/20240131_151512-scaled.jpg\",\"datePublished\":\"2025-07-13T16:34:02+00:00\",\"dateModified\":\"2025-07-13T23:49:38+00:00\",\"breadcrumb\":{\"@id\":\"https:\/\/sro.nl\/huizen\/over-ons\/ons-bedrijf\/#breadcrumb\"},\"inLanguage\":\"nl-NL\",\"potentialAction\":[{\"@type\":\"ReadAction\",\"target\":[\"https:\/\/sro.nl\/huizen\/over-ons\/ons-bedrijf\/\"]}]},{\"@type\":\"ImageObject\",\"inLanguage\":\"nl-NL\",\"@id\":\"https:\/\/sro.nl\/huizen\/over-ons\/ons-bedrijf\/#primaryimage\",\"url\":\"https:\/\/sro.nl\/huizen\/wp-content\/uploads\/sites\/62\/sites\/62\/2025\/07\/20240131_151512-scaled.jpg\",\"contentUrl\":\"https:\/\/sro.nl\/huizen\/wp-content\/uploads\/sites\/62\/sites\/62\/2025\/07\/20240131_151512-scaled.jpg\",\"width\":2560,\"height\":1920,\"caption\":\"Sporthal de Meent\"},{\"@type\":\"BreadcrumbList\",\"@id\":\"https:\/\/sro.nl\/huizen\/over-ons\/ons-bedrijf\/#breadcrumb\",\"itemListElement\":[{\"@type\":\"ListItem\",\"position\":1,\"name\":\"Home\",\"item\":\"https:\/\/sro.nl\/huizen\/\"},{\"@type\":\"ListItem\",\"position\":2,\"name\":\"Over ons\",\"item\":\"https:\/\/sro.nl\/huizen\/?page_id=3932\"},{\"@type\":\"ListItem\",\"position\":3,\"name\":\"Ons bedrijf\"}]},{\"@type\":\"WebSite\",\"@id\":\"https:\/\/sro.nl\/huizen\/#website\",\"url\":\"https:\/\/sro.nl\/huizen\/\",\"name\":\"SRO Huizen\",\"description\":\"Sport, Recreatie en Onderwijsvoorzieningen in Huizen\",\"publisher\":{\"@id\":\"https:\/\/sro.nl\/huizen\/#organization\"},\"potentialAction\":[{\"@type\":\"SearchAction\",\"target\":{\"@type\":\"EntryPoint\",\"urlTemplate\":\"https:\/\/sro.nl\/huizen\/?s={search_term_string}\"},\"query-input\":{\"@type\":\"PropertyValueSpecification\",\"valueRequired\":true,\"valueName\":\"search_term_string\"}}],\"inLanguage\":\"nl-NL\"},{\"@type\":\"Organization\",\"@id\":\"https:\/\/sro.nl\/huizen\/#organization\",\"name\":\"SRO Huizen\",\"url\":\"https:\/\/sro.nl\/huizen\/\",\"logo\":{\"@type\":\"ImageObject\",\"inLanguage\":\"nl-NL\",\"@id\":\"https:\/\/sro.nl\/huizen\/#\/schema\/logo\/image\/\",\"url\":\"https:\/\/sro.nl\/huizen\/wp-content\/uploads\/sites\/59\/sites\/59\/2025\/10\/logo-huizen.png\",\"contentUrl\":\"https:\/\/sro.nl\/huizen\/wp-content\/uploads\/sites\/59\/sites\/59\/2025\/10\/logo-huizen.png\",\"width\":588,\"height\":366,\"caption\":\"SRO Huizen\"},\"image\":{\"@id\":\"https:\/\/sro.nl\/huizen\/#\/schema\/logo\/image\/\"},\"sameAs\":[\"https:\/\/www.linkedin.com\/company\/101869481\/\"]}]}<\/script>\n<!-- \/ Yoast SEO Premium plugin. -->","yoast_head_json":{"title":"Ons bedrijf - SRO Huizen","robots":{"index":"index","follow":"follow","max-snippet":"max-snippet:-1","max-image-preview":"max-image-preview:large","max-video-preview":"max-video-preview:-1"},"canonical":"https:\/\/sro.nl\/huizen\/over-ons\/ons-bedrijf\/","og_locale":"nl_NL","og_type":"article","og_title":"Ons bedrijf","og_url":"https:\/\/sro.nl\/huizen\/over-ons\/ons-bedrijf\/","og_site_name":"SRO Huizen","article_modified_time":"2025-07-13T23:49:38+00:00","og_image":[{"width":2560,"height":1920,"url":"http:\/\/sro.nl\/huizen\/wp-content\/uploads\/sites\/59\/sites\/59\/2025\/07\/20240131_151512-scaled.jpg","type":"image\/jpeg"}],"twitter_card":"summary_large_image","twitter_misc":{"Geschatte leestijd":"1 minuut"},"schema":{"@context":"https:\/\/schema.org","@graph":[{"@type":"WebPage","@id":"https:\/\/sro.nl\/huizen\/over-ons\/ons-bedrijf\/","url":"https:\/\/sro.nl\/huizen\/over-ons\/ons-bedrijf\/","name":"Ons bedrijf - SRO Huizen","isPartOf":{"@id":"https:\/\/sro.nl\/huizen\/#website"},"primaryImageOfPage":{"@id":"https:\/\/sro.nl\/huizen\/over-ons\/ons-bedrijf\/#primaryimage"},"image":{"@id":"https:\/\/sro.nl\/huizen\/over-ons\/ons-bedrijf\/#primaryimage"},"thumbnailUrl":"https:\/\/sro.nl\/huizen\/wp-content\/uploads\/sites\/62\/sites\/62\/2025\/07\/20240131_151512-scaled.jpg","datePublished":"2025-07-13T16:34:02+00:00","dateModified":"2025-07-13T23:49:38+00:00","breadcrumb":{"@id":"https:\/\/sro.nl\/huizen\/over-ons\/ons-bedrijf\/#breadcrumb"},"inLanguage":"nl-NL","potentialAction":[{"@type":"ReadAction","target":["https:\/\/sro.nl\/huizen\/over-ons\/ons-bedrijf\/"]}]},{"@type":"ImageObject","inLanguage":"nl-NL","@id":"https:\/\/sro.nl\/huizen\/over-ons\/ons-bedrijf\/#primaryimage","url":"https:\/\/sro.nl\/huizen\/wp-content\/uploads\/sites\/62\/sites\/62\/2025\/07\/20240131_151512-scaled.jpg","contentUrl":"https:\/\/sro.nl\/huizen\/wp-content\/uploads\/sites\/62\/sites\/62\/2025\/07\/20240131_151512-scaled.jpg","width":2560,"height":1920,"caption":"Sporthal de Meent"},{"@type":"BreadcrumbList","@id":"https:\/\/sro.nl\/huizen\/over-ons\/ons-bedrijf\/#breadcrumb","itemListElement":[{"@type":"ListItem","position":1,"name":"Home","item":"https:\/\/sro.nl\/huizen\/"},{"@type":"ListItem","position":2,"name":"Over ons","item":"https:\/\/sro.nl\/huizen\/?page_id=3932"},{"@type":"ListItem","position":3,"name":"Ons bedrijf"}]},{"@type":"WebSite","@id":"https:\/\/sro.nl\/huizen\/#website","url":"https:\/\/sro.nl\/huizen\/","name":"SRO Huizen","description":"Sport, Recreatie en Onderwijsvoorzieningen in Huizen","publisher":{"@id":"https:\/\/sro.nl\/huizen\/#organization"},"potentialAction":[{"@type":"SearchAction","target":{"@type":"EntryPoint","urlTemplate":"https:\/\/sro.nl\/huizen\/?s={search_term_string}"},"query-input":{"@type":"PropertyValueSpecification","valueRequired":true,"valueName":"search_term_string"}}],"inLanguage":"nl-NL"},{"@type":"Organization","@id":"https:\/\/sro.nl\/huizen\/#organization","name":"SRO Huizen","url":"https:\/\/sro.nl\/huizen\/","logo":{"@type":"ImageObject","inLanguage":"nl-NL","@id":"https:\/\/sro.nl\/huizen\/#\/schema\/logo\/image\/","url":"https:\/\/sro.nl\/huizen\/wp-content\/uploads\/sites\/59\/sites\/59\/2025\/10\/logo-huizen.png","contentUrl":"https:\/\/sro.nl\/huizen\/wp-content\/uploads\/sites\/59\/sites\/59\/2025\/10\/logo-huizen.png","width":588,"height":366,"caption":"SRO Huizen"},"image":{"@id":"https:\/\/sro.nl\/huizen\/#\/schema\/logo\/image\/"},"sameAs":["https:\/\/www.linkedin.com\/company\/101869481\/"]}]}},"_links":{"self":[{"href":"https:\/\/sro.nl\/huizen\/wp-json\/wp\/v2\/pages\/3939","targetHints":{"allow":["GET"]}}],"collection":[{"href":"https:\/\/sro.nl\/huizen\/wp-json\/wp\/v2\/pages"}],"about":[{"href":"https:\/\/sro.nl\/huizen\/wp-json\/wp\/v2\/types\/page"}],"author":[{"embeddable":true,"href":"https:\/\/sro.nl\/huizen\/wp-json\/wp\/v2\/users\/62"}],"replies":[{"embeddable":true,"href":"https:\/\/sro.nl\/huizen\/wp-json\/wp\/v2\/comments?post=3939"}],"version-history":[{"count":0,"href":"https:\/\/sro.nl\/huizen\/wp-json\/wp\/v2\/pages\/3939\/revisions"}],"up":[{"embeddable":true,"href":"https:\/\/sro.nl\/huizen\/wp-json\/wp\/v2\/pages\/3932"}],"wp:featuredmedia":[{"embeddable":true,"href":"https:\/\/sro.nl\/huizen\/wp-json\/wp\/v2\/media\/3946"}],"wp:attachment":[{"href":"https:\/\/sro.nl\/huizen\/wp-json\/wp\/v2\/media?parent=3939"}],"curies":[{"name":"wp","href":"https:\/\/api.w.org\/{rel}","templated":true}]}}